
{"id":21,"date":"2020-12-25T22:08:10","date_gmt":"2020-12-25T22:08:10","guid":{"rendered":"https:\/\/scas.feinerco.de\/?page_id=21"},"modified":"2021-11-01T13:45:50","modified_gmt":"2021-11-01T12:45:50","slug":"der-verein","status":"publish","type":"page","link":"https:\/\/scas-edersee.de\/index.php\/der-verein\/","title":{"rendered":"Der Verein"},"content":{"rendered":"\n<p>Der Segelclub SCAS e.V., kurz: SCAS, ist Mitglied im Hessischen- und Deutschen Seglerverband. <\/p>\n\n\n\n<p>Der SCAS liegt am oberen Drittel des Edersees an der s\u00fcdlichen Uferseite, mit direktem Zugang in den Nationalpark Kellerwald. Viele der etwa 70 Mitglieder und ihre Familienangeh\u00f6rigen treffen sich zwanglos an den Wochenenden am Clubhaus zum gemeinsamen Freizeitsegeln. Zwei Steganlagen mit etwa 60 Liegepl\u00e4tzen und einem gem\u00fctlichen Freisitz mit Feuerstelle und Grill direkt am Ufer laden zum Verweilen ein. Unsere Steganlagen sind an Wochenenden und in den Ferienmonaten zudem offen f\u00fcr Gastlieger\/Tagestouristen. Viele Crews haben dort in den letzten Jahren angelegt und sind l\u00e4nger geblieben, als eigentlich geplant.<\/p>\n\n\n\n<figure class=\"wp-block-image size-large\"><img loading=\"lazy\" decoding=\"async\" width=\"1024\" height=\"768\" src=\"https:\/\/scas-edersee.de\/wp-content\/uploads\/2021\/04\/Luftaufnahme_1-1024x768.jpg\" alt=\"\" class=\"wp-image-271\" srcset=\"https:\/\/scas-edersee.de\/wp-content\/uploads\/2021\/04\/Luftaufnahme_1-1024x768.jpg 1024w, https:\/\/scas-edersee.de\/wp-content\/uploads\/2021\/04\/Luftaufnahme_1-300x225.jpg 300w, https:\/\/scas-edersee.de\/wp-content\/uploads\/2021\/04\/Luftaufnahme_1-768x576.jpg 768w, https:\/\/scas-edersee.de\/wp-content\/uploads\/2021\/04\/Luftaufnahme_1-1536x1152.jpg 1536w, https:\/\/scas-edersee.de\/wp-content\/uploads\/2021\/04\/Luftaufnahme_1-2048x1536.jpg 2048w\" sizes=\"auto, (max-width: 1024px) 100vw, 1024px\" \/><\/figure>\n\n\n\n<p>Der Verein unterh\u00e4lt einige Segelboote (Opti, Laser, 470er) f\u00fcr die Jugendausbiludng, ein Motorboot als Trainerboot, Tonnenleger und Regattabegleitfahrzeug und einen historischen Marinekutter als Startschiff, Trainings- und Freizeitboot sowie als Transporter mit Segel- und Elektroantrieb f\u00fcr Fahrten zu den Veranstaltungen unserer befreundeten Vereine am See. <\/p>\n\n\n\n<p>Mit den befreundeten Segelvereinen am Edersee verbindet uns eine rege Regattaaktivit\u00e4t, organisiert durch den Regionalverband Edersee Diemelsee (RVED) &#8211;&gt; Sparte Wettsegeln (WSGE). So beginnt unser Veranstaltungskalender im zeitigen Fr\u00fchjahr mit dem traditionellen Ansegeln am Ostersonntag. W\u00e4hrend des Jahres richten wir weitere kleinere Regatten, Jugendtrainings und gesellige Veranstaltungen aus.<\/p>\n\n\n\n<figure class=\"wp-block-image size-large\"><img loading=\"lazy\" decoding=\"async\" width=\"1024\" height=\"576\" src=\"https:\/\/scas-edersee.de\/wp-content\/uploads\/2021\/04\/Folie2-1024x576.jpg\" alt=\"\" class=\"wp-image-308\" srcset=\"https:\/\/scas-edersee.de\/wp-content\/uploads\/2021\/04\/Folie2-1024x576.jpg 1024w, https:\/\/scas-edersee.de\/wp-content\/uploads\/2021\/04\/Folie2-300x169.jpg 300w, https:\/\/scas-edersee.de\/wp-content\/uploads\/2021\/04\/Folie2-768x432.jpg 768w, https:\/\/scas-edersee.de\/wp-content\/uploads\/2021\/04\/Folie2.jpg 1280w\" sizes=\"auto, (max-width: 1024px) 100vw, 1024px\" \/><\/figure>\n\n\n\n<p>Das Highlight der Wassersportszene am Edersee: <strong>Die Freundschaftsregatta<\/strong> mit anschlie\u00dfendem Sommerfest! Dazu fahren wir unseren segelnden Freunden entgegen und starten im Scheider Becken, wieder in Richtung Asel-S\u00fcd, passieren den SCAS bis zur Wendeboje im oberen Seebereich und kommen schlie\u00dflich am Nachmittag in Asel-S\u00fcd an. Dort entwickelt sich ein gro\u00dfartiges Fest, mit Kaffee und Kuchen, Gegrilltem und Gek\u00fchltem und toller Livemusik bis sp\u00e4t in die Nacht. H\u00f6hepunkt sind die Siegerehrungen des Tagessiegers und des Clubmeisters. Wenn der Clubmeister geb\u00fchrend gebadet wurde, gibt es f\u00fcr niemanden mehr ein Halten: Alles singt, tanzt und lacht. \u201eAn Tagen in Asel\u201c. G\u00e4ste und einheimische Segler sprechen von <strong>einem Geheimtipp am Edersee<\/strong>. <\/p>\n\n\n\n<figure class=\"wp-block-image size-large\"><img loading=\"lazy\" decoding=\"async\" width=\"1024\" height=\"576\" src=\"https:\/\/scas-edersee.de\/wp-content\/uploads\/2021\/04\/Folie10-1024x576.jpg\" alt=\"\" class=\"wp-image-316\" srcset=\"https:\/\/scas-edersee.de\/wp-content\/uploads\/2021\/04\/Folie10-1024x576.jpg 1024w, https:\/\/scas-edersee.de\/wp-content\/uploads\/2021\/04\/Folie10-300x169.jpg 300w, https:\/\/scas-edersee.de\/wp-content\/uploads\/2021\/04\/Folie10-768x432.jpg 768w, https:\/\/scas-edersee.de\/wp-content\/uploads\/2021\/04\/Folie10.jpg 1280w\" sizes=\"auto, (max-width: 1024px) 100vw, 1024px\" \/><\/figure>\n\n\n\n<p>Unsere Saison endet mit der eintretenden &#8222;Ebbe&#8220; im Oberlauf des Edersees &#8211; bedeutet aber nicht, dass nicht mehr gesegelt wird! Es geht dann einfach an die See&#8230;<\/p>\n\n\n\n<p>Der SCAS h\u00f6rt nicht an der Sperrmauer auf! Usere aktiven Regattasegler sind auch \u00fcberregional in Deutschland und auch weltweit unterwegs. Sie verteten erfolgreich den Segelclub auf hochklassigen Events in den Bootsklassen: FD, H-Boot und Soling. <\/p>\n\n\n\n<figure class=\"wp-block-image size-large\"><img loading=\"lazy\" decoding=\"async\" width=\"1024\" height=\"576\" src=\"https:\/\/scas-edersee.de\/wp-content\/uploads\/2021\/04\/Folie8-1024x576.jpg\" alt=\"\" class=\"wp-image-314\" srcset=\"https:\/\/scas-edersee.de\/wp-content\/uploads\/2021\/04\/Folie8-1024x576.jpg 1024w, https:\/\/scas-edersee.de\/wp-content\/uploads\/2021\/04\/Folie8-300x169.jpg 300w, https:\/\/scas-edersee.de\/wp-content\/uploads\/2021\/04\/Folie8-768x432.jpg 768w, https:\/\/scas-edersee.de\/wp-content\/uploads\/2021\/04\/Folie8.jpg 1280w\" sizes=\"auto, (max-width: 1024px) 100vw, 1024px\" \/><\/figure>\n\n\n\n<p>Sie sind jederzeit herzlich eingeladen, uns mit oder ohne Boot zu besuchen. Mast- und Schotbruch!<\/p>\n\n\n\n<p>  -&gt; weitere Informationen zum Jahresverlauf unter <a href=\"https:\/\/scas-edersee.de\/index.php\/der-verein\/vereinsleben\/\">&#8222;Vereinsleben&#8220;<\/a>&#8230;<\/p>\n\n\n\n<p>2020 feierten wir &#8222;50 Jahre SCAS&#8220;. In diesem Zusammenhang haben wir eine Chronik erstellt, die unseren Verein von Anfang an eindrucksvoll widerspiegelt. Viel Spa\u00df beim Lesen!<\/p>\n\n\n\n<div class=\"wp-block-file\"><a href=\"https:\/\/scas-edersee.de\/wp-content\/uploads\/2021\/04\/Zeitung_50Jahre_PDF.pdf\">Zeitung_50Jahre_PDF<\/a><a href=\"https:\/\/scas-edersee.de\/wp-content\/uploads\/2021\/04\/Zeitung_50Jahre_PDF.pdf\" class=\"wp-block-file__button\" download>Herunterladen<\/a><\/div>\n\n\n\n<figure class=\"wp-block-image size-large\"><img loading=\"lazy\" decoding=\"async\" width=\"1024\" height=\"576\" src=\"https:\/\/scas-edersee.de\/wp-content\/uploads\/2021\/04\/Folie5-1024x576.jpg\" alt=\"\" class=\"wp-image-311\" srcset=\"https:\/\/scas-edersee.de\/wp-content\/uploads\/2021\/04\/Folie5-1024x576.jpg 1024w, https:\/\/scas-edersee.de\/wp-content\/uploads\/2021\/04\/Folie5-300x169.jpg 300w, https:\/\/scas-edersee.de\/wp-content\/uploads\/2021\/04\/Folie5-768x432.jpg 768w, https:\/\/scas-edersee.de\/wp-content\/uploads\/2021\/04\/Folie5.jpg 1280w\" sizes=\"auto, (max-width: 1024px) 100vw, 1024px\" \/><\/figure>\n\n\n\n<p>Videos und Bilder \u00fcber die Jahre sind hier: <a href=\"https:\/\/scas-edersee.de\/index.php\/historie-des-scas\/\" data-type=\"URL\" data-id=\"https:\/\/scas-edersee.de\/index.php\/historie-des-scas\/\">https:\/\/scas-edersee.de\/index.php\/historie-des-scas\/<\/a><\/p>\n","protected":false},"excerpt":{"rendered":"<p>Der Segelclub SCAS e.V., kurz: SCAS, ist Mitglied im Hessischen- und Deutschen Seglerverband. Der SCAS liegt am oberen Drittel des Edersees an der s\u00fcdlichen Uferseite, mit direktem Zugang in den [&hellip;]<\/p>\n","protected":false},"author":1,"featured_media":0,"parent":0,"menu_order":0,"comment_status":"closed","ping_status":"closed","template":"","meta":{"ocean_post_layout":"","ocean_both_sidebars_style":"","ocean_both_sidebars_content_width":0,"ocean_both_sidebars_sidebars_width":0,"ocean_sidebar":"0","ocean_second_sidebar":"0","ocean_disable_margins":"enable","ocean_add_body_class":"","ocean_shortcode_before_top_bar":"","ocean_shortcode_after_top_bar":"","ocean_shortcode_before_header":"","ocean_shortcode_after_header":"","ocean_has_shortcode":"","ocean_shortcode_after_title":"","ocean_shortcode_before_footer_widgets":"","ocean_shortcode_after_footer_widgets":"","ocean_shortcode_before_footer_bottom":"","ocean_shortcode_after_footer_bottom":"","ocean_display_top_bar":"default","ocean_display_header":"default","ocean_header_style":"","ocean_center_header_left_menu":"0","ocean_custom_header_template":"0","ocean_custom_logo":0,"ocean_custom_retina_logo":0,"ocean_custom_logo_max_width":0,"ocean_custom_logo_tablet_max_width":0,"ocean_custom_logo_mobile_max_width":0,"ocean_custom_logo_max_height":0,"ocean_custom_logo_tablet_max_height":0,"ocean_custom_logo_mobile_max_height":0,"ocean_header_custom_menu":"0","ocean_menu_typo_font_family":"0","ocean_menu_typo_font_subset":"","ocean_menu_typo_font_size":0,"ocean_menu_typo_font_size_tablet":0,"ocean_menu_typo_font_size_mobile":0,"ocean_menu_typo_font_size_unit":"px","ocean_menu_typo_font_weight":"","ocean_menu_typo_font_weight_tablet":"","ocean_menu_typo_font_weight_mobile":"","ocean_menu_typo_transform":"","ocean_menu_typo_transform_tablet":"","ocean_menu_typo_transform_mobile":"","ocean_menu_typo_line_height":0,"ocean_menu_typo_line_height_tablet":0,"ocean_menu_typo_line_height_mobile":0,"ocean_menu_typo_line_height_unit":"","ocean_menu_typo_spacing":0,"ocean_menu_typo_spacing_tablet":0,"ocean_menu_typo_spacing_mobile":0,"ocean_menu_typo_spacing_unit":"","ocean_menu_link_color":"","ocean_menu_link_color_hover":"","ocean_menu_link_color_active":"","ocean_menu_link_background":"","ocean_menu_link_hover_background":"","ocean_menu_link_active_background":"","ocean_menu_social_links_bg":"","ocean_menu_social_hover_links_bg":"","ocean_menu_social_links_color":"","ocean_menu_social_hover_links_color":"","ocean_disable_title":"default","ocean_disable_heading":"default","ocean_post_title":"","ocean_post_subheading":"","ocean_post_title_style":"","ocean_post_title_background_color":"","ocean_post_title_background":0,"ocean_post_title_bg_image_position":"","ocean_post_title_bg_image_attachment":"","ocean_post_title_bg_image_repeat":"","ocean_post_title_bg_image_size":"","ocean_post_title_height":0,"ocean_post_title_bg_overlay":0.5,"ocean_post_title_bg_overlay_color":"","ocean_disable_breadcrumbs":"default","ocean_breadcrumbs_color":"","ocean_breadcrumbs_separator_color":"","ocean_breadcrumbs_links_color":"","ocean_breadcrumbs_links_hover_color":"","ocean_display_footer_widgets":"default","ocean_display_footer_bottom":"default","ocean_custom_footer_template":"0","footnotes":""},"class_list":["post-21","page","type-page","status-publish","hentry","entry"],"_links":{"self":[{"href":"https:\/\/scas-edersee.de\/index.php\/wp-json\/wp\/v2\/pages\/21","targetHints":{"allow":["GET"]}}],"collection":[{"href":"https:\/\/scas-edersee.de\/index.php\/wp-json\/wp\/v2\/pages"}],"about":[{"href":"https:\/\/scas-edersee.de\/index.php\/wp-json\/wp\/v2\/types\/page"}],"author":[{"embeddable":true,"href":"https:\/\/scas-edersee.de\/index.php\/wp-json\/wp\/v2\/users\/1"}],"replies":[{"embeddable":true,"href":"https:\/\/scas-edersee.de\/index.php\/wp-json\/wp\/v2\/comments?post=21"}],"version-history":[{"count":12,"href":"https:\/\/scas-edersee.de\/index.php\/wp-json\/wp\/v2\/pages\/21\/revisions"}],"predecessor-version":[{"id":596,"href":"https:\/\/scas-edersee.de\/index.php\/wp-json\/wp\/v2\/pages\/21\/revisions\/596"}],"wp:attachment":[{"href":"https:\/\/scas-edersee.de\/index.php\/wp-json\/wp\/v2\/media?parent=21"}],"curies":[{"name":"wp","href":"https:\/\/api.w.org\/{rel}","templated":true}]}}