
{"id":1372,"date":"2024-01-10T11:21:46","date_gmt":"2024-01-10T10:21:46","guid":{"rendered":"https:\/\/scas-edersee.de\/?page_id=1372"},"modified":"2024-01-10T11:21:46","modified_gmt":"2024-01-10T10:21:46","slug":"kleingedruckte-fuer-regatten","status":"publish","type":"page","link":"https:\/\/scas-edersee.de\/index.php\/kleingedruckte-fuer-regatten\/","title":{"rendered":"Kleingedruckte f\u00fcr Regatten"},"content":{"rendered":"\n<p>Wettfahrtbedingungen: Die Wettfahrten unterliegen den Regeln wie sie in den \u201eWettfahrtregeln Segeln\u201c (WR) der World Sailing (neueste Ausgabe) festgelegt (definiert) sind mit den Zus\u00e4tzen des DSV, den Ordnungsvorschriften des DSV, den von World Sailing oder dem technischen Ausschuss des DSV genehmigten Klassenregeln der jeweiligen Klasse, der Ausschreibung, den Segelanweisungen sowie den \u201eRegeln zur Durchf\u00fchrung von Yardstickregatten im Rahmen der Ederseemeisterschaft\u201c. Au\u00dferdem gilt die Talsperren- und Nationalparkverordnung f\u00fcr den Edersee, WR Anhang T, Schlichtung, wird angewendet. Besteht ein Konflikt zwischen Sprachen gilt der englische Text, mit Ausnahme der Ordnungsvorschriften des Deutschen Segler-Verbandes (DSV), dieser Ausschreibung und der Segelanweisungen f\u00fcr welche der deutsche Text gilt  Medienrechte, Kameras und elektronische Ausr\u00fcstung: Durch die Teilnahme an der Regatta \u00fcbertragen die Teilnehmer dem Veranstalter und der WSGE entsch\u00e4digungslos automatisch das zeitlich und r\u00e4umlich unbegrenzte Recht f\u00fcr die Nutzung von Bild-, Foto-, Fernseh- und H\u00f6rfunkmaterial, das w\u00e4hrend der Veranstaltung von den Athleten gemacht wurde, sowie die M\u00f6glichkeit zur Weitergabe an Presse, Print- oder Telemedien. Teilnehmer k\u00f6nnen verpflichtet werden, Kameras, Mikrofone oder Positionierungssysteme an Bord zu montieren. Die Ausr\u00fcstung wird vom Veranstalter<br>gestellt.<br>Haftungsbegrenzung, Unterwerfungsklausel: Die Verantwortung f\u00fcr die Entscheidung eines Bootsf\u00fchrers, an einer Wettfahrt\/Trainingsveranstaltung teilzunehmen oder sie fortzusetzen, liegt allein bei ihm, er \u00fcbernimmt insoweit auch die Verantwortung f\u00fcr seine Mannschaft. Der Bootsf\u00fchrer ist f\u00fcr die Eignung und das richtige seem\u00e4nnische Verhalten seiner Crew sowie f\u00fcr die Eignung und den verkehrssicheren Zustand des gemeldeten Bootes verantwortlich.<br>Der Veranstalter ist berechtigt, in F\u00e4llen h\u00f6herer Gewalt oder aufgrund beh\u00f6rdlicher Anordnungen oder aus Sicherheitsgr\u00fcnden, \u00c4nderungen in der Durchf\u00fchrung der Veranstaltung vorzunehmen oder die Veranstaltung abzusagen. In diesen F\u00e4llen besteht keine Schadenersatzverpflichtung des Veranstalters gegen\u00fcber dem Teilnehmer, sofern der Veranstalter den Grund f\u00fcr die \u00c4nderung oder Absage nicht vors\u00e4tzlich oder grob fahrl\u00e4ssig herbeigef\u00fchrt hat.<br>Eine Haftung des Veranstalters, gleich aus welchem Rechtsgrund, f\u00fcr Sach- und Verm\u00f6genssch\u00e4den jeder Art und deren Folgen, die dem Teilnehmer w\u00e4hrend oder im Zusammenhang mit der Teilnahme an der Veranstaltung durch ein Verhalten des Veranstalters, seiner Vertreter, Erf\u00fcllungsgehilfen oder Beauftragten entstehen, ist bei der Verletzung von Pflichten, die nicht Haupt-\/bzw. vertragswesentliche Pflichten (Kardinalpflichten) sind, beschr\u00e4nkt auf Sch\u00e4den, die vors\u00e4tzlich oder grob fahrl\u00e4ssig verursacht wurden. Bei der Verletzung von Kardinalpflichten ist die Haftung des Veranstalters in F\u00e4llen einfacher Fahrl\u00e4ssigkeit beschr\u00e4nkt auf vorhersehbare, typischerweise eintretende Sch\u00e4den. Soweit die Schadenersatzhaftung des Veranstalters ausgeschlossen oder eingeschr\u00e4nkt ist, befreit der Teilnehmer von der pers\u00f6nlichen Schadenersatzhaftung auch die Angestellten &#8211; Arbeitnehmer und Mitarbeiter &#8211; Vertreter, Erf\u00fcllungsgehilfen, Sponsoren und Personen, die Schlepp-, Sicherungs-, oder Bergungsfahrzeuge bereitstellen, f\u00fchren oder bei deren Einsatz behilflich sind, sowie auch alle anderen Personen, denen im Zusammenhang mit der Durchf\u00fchrung der Veranstaltung ein Auftrag erteilt worden ist.<br>Die g\u00fcltigen Wettfahrtregeln der World Sailing inkl. der Zus\u00e4tze des DSV, die Ordnungsvorschriften Regattasegeln und das Verbandsrecht des DSV, die Klassenvorschriften sowie die Vorschriften der Ausschreibung und Segelanweisung sowie die \u201eRegeln zur Durchf\u00fchrung von Yardstickregatten im Rahmen der Ederseemeisterschaft\u201c sind einzuhalten und werden ausdr\u00fccklich anerkannt.<br>Es gilt das Recht der Bundesrepublik Deutschland.<br>Eine vollst\u00e4ndig ausgef\u00fcllte und unterschriebene Einverst\u00e4ndniserkl\u00e4rung mit Haftungsausschluss ist bei der Registrierung vorzulegen. Bei minderj\u00e4hrigen Teilnehmern m\u00fcssen diese von den Personensorgeberechtigten unterschrieben sein. Die entsprechende Vorlage steht zum Herunterladen auf https:\/\/www.dsv.org\/app\/uploads\/haftungsausschluss-dt-engl-vordruck-zum-unterzeichnen.docx<br>zur Verf\u00fcgung. Eine verbindliche Meldung bei Manage2Sail ersetzt dies.<br>Versicherung: Jedes teilnehmende Boot muss eine g\u00fcltige Haftpflichtversicherung abgeschlossen haben, die mindestens Sch\u00e4den im Wert von 3.000.000 EUR oder dem \u00c4quivalent je Schadensfall deckt und f\u00fcr das Regattagebiet g\u00fcltig ist.<br>Datenschutzhinweise: Der Veranstalter wird die mit der Meldung und die mit der Teilnahme an der Veranstaltung erhobenen personenbezogenen Daten verarbeiten und speichern. Der Anhang \u201eDatenschutzhinweise\u201c enth\u00e4lt die diesbez\u00fcglichen Informationen. Der Anhang steht auf www.wsge.de zur Verf\u00fcgung.<\/p>\n","protected":false},"excerpt":{"rendered":"<p>Wettfahrtbedingungen: Die Wettfahrten unterliegen den Regeln wie sie in den \u201eWettfahrtregeln Segeln\u201c (WR) der World Sailing (neueste Ausgabe) festgelegt (definiert) sind mit den Zus\u00e4tzen des DSV, den Ordnungsvorschriften des DSV, [&hellip;]<\/p>\n","protected":false},"author":3,"featured_media":0,"parent":0,"menu_order":0,"comment_status":"closed","ping_status":"closed","template":"","meta":{"ocean_post_layout":"","ocean_both_sidebars_style":"","ocean_both_sidebars_content_width":0,"ocean_both_sidebars_sidebars_width":0,"ocean_sidebar":"","ocean_second_sidebar":"","ocean_disable_margins":"enable","ocean_add_body_class":"","ocean_shortcode_before_top_bar":"","ocean_shortcode_after_top_bar":"","ocean_shortcode_before_header":"","ocean_shortcode_after_header":"","ocean_has_shortcode":"","ocean_shortcode_after_title":"","ocean_shortcode_before_footer_widgets":"","ocean_shortcode_after_footer_widgets":"","ocean_shortcode_before_footer_bottom":"","ocean_shortcode_after_footer_bottom":"","ocean_display_top_bar":"default","ocean_display_header":"default","ocean_header_style":"","ocean_center_header_left_menu":"","ocean_custom_header_template":"","ocean_custom_logo":0,"ocean_custom_retina_logo":0,"ocean_custom_logo_max_width":0,"ocean_custom_logo_tablet_max_width":0,"ocean_custom_logo_mobile_max_width":0,"ocean_custom_logo_max_height":0,"ocean_custom_logo_tablet_max_height":0,"ocean_custom_logo_mobile_max_height":0,"ocean_header_custom_menu":"","ocean_menu_typo_font_family":"","ocean_menu_typo_font_subset":"","ocean_menu_typo_font_size":0,"ocean_menu_typo_font_size_tablet":0,"ocean_menu_typo_font_size_mobile":0,"ocean_menu_typo_font_size_unit":"px","ocean_menu_typo_font_weight":"","ocean_menu_typo_font_weight_tablet":"","ocean_menu_typo_font_weight_mobile":"","ocean_menu_typo_transform":"","ocean_menu_typo_transform_tablet":"","ocean_menu_typo_transform_mobile":"","ocean_menu_typo_line_height":0,"ocean_menu_typo_line_height_tablet":0,"ocean_menu_typo_line_height_mobile":0,"ocean_menu_typo_line_height_unit":"","ocean_menu_typo_spacing":0,"ocean_menu_typo_spacing_tablet":0,"ocean_menu_typo_spacing_mobile":0,"ocean_menu_typo_spacing_unit":"","ocean_menu_link_color":"","ocean_menu_link_color_hover":"","ocean_menu_link_color_active":"","ocean_menu_link_background":"","ocean_menu_link_hover_background":"","ocean_menu_link_active_background":"","ocean_menu_social_links_bg":"","ocean_menu_social_hover_links_bg":"","ocean_menu_social_links_color":"","ocean_menu_social_hover_links_color":"","ocean_disable_title":"default","ocean_disable_heading":"default","ocean_post_title":"","ocean_post_subheading":"","ocean_post_title_style":"","ocean_post_title_background_color":"","ocean_post_title_background":0,"ocean_post_title_bg_image_position":"","ocean_post_title_bg_image_attachment":"","ocean_post_title_bg_image_repeat":"","ocean_post_title_bg_image_size":"","ocean_post_title_height":0,"ocean_post_title_bg_overlay":0.5,"ocean_post_title_bg_overlay_color":"","ocean_disable_breadcrumbs":"default","ocean_breadcrumbs_color":"","ocean_breadcrumbs_separator_color":"","ocean_breadcrumbs_links_color":"","ocean_breadcrumbs_links_hover_color":"","ocean_display_footer_widgets":"default","ocean_display_footer_bottom":"default","ocean_custom_footer_template":"","footnotes":""},"class_list":["post-1372","page","type-page","status-publish","hentry","entry"],"_links":{"self":[{"href":"https:\/\/scas-edersee.de\/index.php\/wp-json\/wp\/v2\/pages\/1372","targetHints":{"allow":["GET"]}}],"collection":[{"href":"https:\/\/scas-edersee.de\/index.php\/wp-json\/wp\/v2\/pages"}],"about":[{"href":"https:\/\/scas-edersee.de\/index.php\/wp-json\/wp\/v2\/types\/page"}],"author":[{"embeddable":true,"href":"https:\/\/scas-edersee.de\/index.php\/wp-json\/wp\/v2\/users\/3"}],"replies":[{"embeddable":true,"href":"https:\/\/scas-edersee.de\/index.php\/wp-json\/wp\/v2\/comments?post=1372"}],"version-history":[{"count":1,"href":"https:\/\/scas-edersee.de\/index.php\/wp-json\/wp\/v2\/pages\/1372\/revisions"}],"predecessor-version":[{"id":1373,"href":"https:\/\/scas-edersee.de\/index.php\/wp-json\/wp\/v2\/pages\/1372\/revisions\/1373"}],"wp:attachment":[{"href":"https:\/\/scas-edersee.de\/index.php\/wp-json\/wp\/v2\/media?parent=1372"}],"curies":[{"name":"wp","href":"https:\/\/api.w.org\/{rel}","templated":true}]}}